{"id":1832,"date":"2018-01-11T18:49:20","date_gmt":"2018-01-11T17:49:20","guid":{"rendered":"https:\/\/www.sprachschule-aktiv-hannover.de\/home\/"},"modified":"2024-10-20T17:32:55","modified_gmt":"2024-10-20T15:32:55","slug":"home","status":"publish","type":"page","link":"https:\/\/www.sprachschule-aktiv-hannover.de\/es\/","title":{"rendered":"Home"},"content":{"rendered":"<p>[vc_row full_width=&#8221;stretch_row_content_no_spaces&#8221; content_placement=&#8221;middle&#8221; css=&#8221;.vc_custom_1609838805447{background: #d6d5d3 url(https:\/\/www.sprachschule-aktiv-muenchen.de\/wp-content\/uploads\/2021\/01\/fondo-2.jpg?id=61569) !important;background-position: 0 0 !important;background-repeat: repeat !important;}&#8221;][vc_column width=&#8221;1\/2&#8243;][vc_single_image image=&#8221;721&#8243; img_size=&#8221;full&#8221;][\/vc_column][vc_column width=&#8221;1\/2&#8243; css=&#8221;.vc_custom_1609834442227{background-position: center !important;background-repeat: no-repeat !important;background-size: contain !important;}&#8221;][vc_column_text]<\/p>\n<div class=\"slidetitel\">Bienvenido<\/div>\n<p>[\/vc_column_text][vc_column_text]<\/p>\n<p style=\"text-align: center; font-size: 40px; margin-top: 15px; lin-height: 40px;\">a Sprachschule Aktiv<\/p>\n<p>[\/vc_column_text][vc_row_inner css=&#8221;.vc_custom_1609833991579{margin-top: 10px !important;}&#8221;][vc_column_inner]\t<div class=\"vc_btn3-container vc_btn3-center\">\n\t\t<a href=\"https:\/\/www.sprachschule-aktiv-hannover.de\/es\/contactar\/\" class=\"pgs_btn pgs_btn_style_1 pgs_btn_xl\">\n\t\t\t<span>\n\t\t\t\tCONTACTA CON NOSOTROS\t\t\t<\/span>\n\t\t\t\t\t<\/a>\n\t<\/div>\n\t\t<div class=\"vc_btn3-container vc_btn3-center\">\n\t\t<a href=\"https:\/\/www.sprachschule-aktiv-hannover.de\/es\/inscripcion\/\" class=\"pgs_btn pgs_btn_style_1 pgs_btn_xl\">\n\t\t\t<span>\n\t\t\t\tINSCR\u00cdBETE EN NUESTRO CURSO\t\t\t<\/span>\n\t\t\t\t\t<\/a>\n\t<\/div>\n\t[\/vc_column_inner][\/vc_row_inner][\/vc_column][\/vc_row][vc_row css=&#8221;.vc_custom_1643183134911{margin-top: 25px !important;}&#8221;][vc_column][vc_column_text]<\/p>\n<h1>Aprende alem\u00e1n en Hannover &#8211; Cursos de alem\u00e1n desde A1 hasta C2<\/h1>\n<p>[\/vc_column_text][vc_row_inner][vc_column_inner width=&#8221;1\/2&#8243;][vc_column_text]<iframe title=\"YouTube video player\" src=\"https:\/\/www.youtube.com\/embed\/8FEh6N5gn7k\" width=\"560\" height=\"315\" frameborder=\"0\" allowfullscreen=\"allowfullscreen\"><\/iframe>[\/vc_column_text][\/vc_column_inner][vc_column_inner width=&#8221;1\/2&#8243;][vc_column_text]Si deseas aprender alem\u00e1n en Hannover, debes acudir a una escuela de idiomas profesional. En Sprachschule Aktiv, contamos con a\u00f1os de experiencia en la ense\u00f1anza de idiomas. Puedes elegir entre varios cursos de alem\u00e1n, como cursos intensivos, clases particulares, cursos en l\u00ednea, clases nocturnas, preparaci\u00f3n para los ex\u00e1menes telc y TestDaF. \u00a1Aprende alem\u00e1n en Hannover con una clase de prueba gratuita, evaluaci\u00f3n de nivel y certificado de idioma![\/vc_column_text][\/vc_column_inner][\/vc_row_inner][\/vc_column][\/vc_row][vc_row full_width=&#8221;stretch_row&#8221; css=&#8221;.vc_custom_1677769339655{padding-top: 30px !important;padding-bottom: 25px !important;background-color: #f8f8f8 !important;}&#8221;][vc_column][vc_column_text]<\/p>\n<h2>Cursos de alem\u00e1n en Hannover para principiantes y avanzados: A1, A2, B1, B2, C1, C2<\/h2>\n<p>[\/vc_column_text][vc_row_inner][vc_column_inner width=&#8221;1\/2&#8243;][vc_column_text]<img decoding=\"async\" class=\"alignnone wp-image-771 size-large\" src=\"https:\/\/www.sprachschule-aktiv-hannover.de\/wp-content\/uploads\/2021\/12\/sprachschule-hannover-1024x576.jpg\" alt=\"Sprachschule Aktiv Hannover - Deutsch und Fremdsprachen lernen\" width=\"1024\" height=\"576\" srcset=\"https:\/\/www.sprachschule-aktiv-hannover.de\/wp-content\/uploads\/2021\/12\/sprachschule-hannover-1024x576.jpg 1024w, https:\/\/www.sprachschule-aktiv-hannover.de\/wp-content\/uploads\/2021\/12\/sprachschule-hannover-300x169.jpg 300w, https:\/\/www.sprachschule-aktiv-hannover.de\/wp-content\/uploads\/2021\/12\/sprachschule-hannover-768x432.jpg 768w, https:\/\/www.sprachschule-aktiv-hannover.de\/wp-content\/uploads\/2021\/12\/sprachschule-hannover.jpg 1328w\" sizes=\"(max-width: 1024px) 100vw, 1024px\" \/>[\/vc_column_text][\/vc_column_inner][vc_column_inner width=&#8221;1\/2&#8243;][vc_column_text]Si llevas poco tiempo en Alemania y hablas poco o solo un poco de alem\u00e1n, puedes tomar uno de nuestros cursos para principiantes. Nuestros profesores amigables te introducir\u00e1n en los detalles del idioma alem\u00e1n y te mostrar\u00e1n que el alem\u00e1n no es un idioma dif\u00edcil. Si ya tienes conocimientos b\u00e1sicos, puedes comenzar con un curso para estudiantes avanzados. Nuestros cursos est\u00e1n clasificados seg\u00fan el Marco Com\u00fan Europeo de Referencia para las Lenguas. Si ya has participado en un curso de alem\u00e1n basado en estas pautas, cambiar de curso no ser\u00e1 un problema. De lo contrario, puedes realizar nuestro test de evaluaci\u00f3n gratuito de alem\u00e1n. Puedes hacerlo c\u00f3modamente por internet o tambi\u00e9n te recibimos en Hannover para realizar la prueba.[\/vc_column_text][\/vc_column_inner][\/vc_row_inner][vc_column_text]<\/p>\n<h2>Elige entre cursos de alem\u00e1n nocturnos, intensivos o clases particulares<\/h2>\n<p>[\/vc_column_text][vc_row_inner css=&#8221;.vc_custom_1687896961152{margin-bottom: 30px !important;background-color: #ffffff !important;}&#8221;][vc_column_inner css=&#8221;.vc_custom_1677828455460{border-right-width: 5px !important;background-color: #ffffff !important;border-right-color: #f8f8f8 !important;border-right-style: solid !important;}&#8221;][vc_column_text css=&#8221;.vc_custom_1729438370185{padding-top: 25px !important;padding-right: 15px !important;padding-bottom: 15px !important;padding-left: 15px !important;}&#8221;]<\/p>\n<h3>Nuestros cursos intensivos de alem\u00e1n en Hannover: precios y horarios<\/h3>\n<p><strong>Horarios de clase:<\/strong> de lunes a viernes, de 9:00 a 12:00<br \/>\n<strong>Inicio del curso:<\/strong> el primer lunes de cada mes<br \/>\nDuraci\u00f3n del curso: de 1 a 4 semanas<\/p>\n<p>\n<table id=\"tablepress-77\" class=\"tablepress tablepress-id-77\">\n<thead>\n<tr class=\"row-1\">\n\t<th colspan=\"3\" class=\"column-1\">Fechas de inicio de cursos intensivos 2025 - A1\/A2\/B1\/B2\/C1\/C2<\/th>\n<\/tr>\n<\/thead>\n<tbody class=\"row-striping row-hover\">\n<tr class=\"row-2\">\n\t<td class=\"column-1\">ENERO<\/td><td class=\"column-2\">FEBRERO<\/td><td class=\"column-3\">MARZO<\/td>\n<\/tr>\n<tr class=\"row-3\">\n\t<td class=\"column-1\">7. Martes<\/td><td class=\"column-2\">3. Lunes<\/td><td class=\"column-3\">3. Lunes<\/td>\n<\/tr>\n<tr class=\"row-4\">\n\t<td class=\"column-1\">ABRIL<\/td><td class=\"column-2\">MAYO<\/td><td class=\"column-3\">JUNIO<\/td>\n<\/tr>\n<tr class=\"row-5\">\n\t<td class=\"column-1\">7. Lunes<\/td><td class=\"column-2\">5. Lunes<\/td><td class=\"column-3\">2. Lunes<\/td>\n<\/tr>\n<tr class=\"row-6\">\n\t<td class=\"column-1\">JULIO<\/td><td class=\"column-2\">AGOSTO<\/td><td class=\"column-3\">SEPTIEMBRE<\/td>\n<\/tr>\n<tr class=\"row-7\">\n\t<td class=\"column-1\">7. Lunes<\/td><td class=\"column-2\">4. Lunes<\/td><td class=\"column-3\">1. Lunes<\/td>\n<\/tr>\n<tr class=\"row-8\">\n\t<td class=\"column-1\">OCTUBRE<\/td><td class=\"column-2\">NOVIEMBRE<\/td><td class=\"column-3\">DICIEMBRE<\/td>\n<\/tr>\n<tr class=\"row-9\">\n\t<td class=\"column-1\">6. Lunes<\/td><td class=\"column-2\">3. Lunes<\/td><td class=\"column-3\">1. Lunes<\/td>\n<\/tr>\n<\/tbody>\n<\/table>\n<!-- #tablepress-77 from cache --><br \/>\n<strong>Precios:<\/strong><br \/>\n1 semana cuesta 199 \u20ac<br \/>\n2 semanas cuestan 349 \u20ac<br \/>\n3 semanas cuestan 411 \u20ac<br \/>\n4 semanas cuestan 499 \u20ac[\/vc_column_text]\t<div class=\"vc_btn3-container vc_btn3-left\">\n\t\t<a href=\"https:\/\/www.sprachschule-aktiv-hannover.de\/es\/contactar\/\" class=\"pgs_btn pgs_btn_style_1 pgs_btn_xl  vc_custom_1687896901348\">\n\t\t\t<span>\n\t\t\t\t\u00a1Inscr\u00edbete!\t\t\t<\/span>\n\t\t\t\t\t<\/a>\n\t<\/div>\n\t[\/vc_column_inner][\/vc_row_inner][vc_row_inner css=&#8221;.vc_custom_1687896969363{margin-bottom: 30px !important;background-color: #ffffff !important;}&#8221;][vc_column_inner css=&#8221;.vc_custom_1677828455460{border-right-width: 5px !important;background-color: #ffffff !important;border-right-color: #f8f8f8 !important;border-right-style: solid !important;}&#8221;][vc_column_text css=&#8221;.vc_custom_1706115577567{padding-top: 25px !important;padding-right: 15px !important;padding-left: 15px !important;}&#8221;]<\/p>\n<h3>Curso de alem\u00e1n nocturno en Hannover: costos, horarios, inscripci\u00f3n<\/h3>\n<p>\u00bfTiene m\u00e1s tiempo y desea completar el curso m\u00e1s r\u00e1pidamente? \u00bfO quiere hacer progresos m\u00e1s r\u00e1pidos a pesar del trabajo? Opte por un curso de 6 semanas por la noche. El curso se lleva a cabo dos veces a la semana. Despu\u00e9s de una prueba de nivelaci\u00f3n, le ofreceremos el mejor nivel (A1, A2, B1, B2, C1, C2). Gracias a los grupos peque\u00f1os y a las frecuentes sesiones, podr\u00e1 practicar nuevas habilidades, palabras y estructuras de manera intensiva y regular. Puede elegir entre los siguientes horarios: lunes y mi\u00e9rcoles o martes y jueves.<\/p>\n<ul>\n<li><strong>Fechas de inicio y nivel:<\/strong> ver tabla<\/li>\n<li><strong>Duraci\u00f3n del curso*:<\/strong> 6 semanas\/180 minutos por semana<\/li>\n<li><strong>Precio:<\/strong> 279 \u20ac<\/li>\n<\/ul>\n<p>*Duraci\u00f3n del curso<br \/>\nCon 4 participantes = 24 horas de 45 minutos cada una (6 semanas)<br \/>\nCon 3 participantes = 20 horas de 45 minutos cada una (5 semanas)<br \/>\nCon 2 participantes = 16 horas de 45 minutos cada una (4 semanas)[\/vc_column_text]\t<div class=\"vc_btn3-container vc_btn3-left\">\n\t\t<a href=\"https:\/\/www.sprachschule-aktiv-hannover.de\/es\/contactar\/\" class=\"pgs_btn pgs_btn_style_1 pgs_btn_xl  vc_custom_1687896901348\">\n\t\t\t<span>\n\t\t\t\t\u00a1Inscr\u00edbete!\t\t\t<\/span>\n\t\t\t\t\t<\/a>\n\t<\/div>\n\t[\/vc_column_inner][\/vc_row_inner][vc_row_inner css=&#8221;.vc_custom_1677770006543{background-color: #ffffff !important;}&#8221;][vc_column_inner css=&#8221;.vc_custom_1677828455460{border-right-width: 5px !important;background-color: #ffffff !important;border-right-color: #f8f8f8 !important;border-right-style: solid !important;}&#8221;][vc_column_text css=&#8221;.vc_custom_1705509744459{padding-top: 25px !important;padding-right: 15px !important;padding-left: 15px !important;}&#8221;]<\/p>\n<h3>Clases particulares de alem\u00e1n en Hannover: presenciales o en la escuela de idiomas<\/h3>\n<p>Inicio y horarios del curso: seg\u00fan tus preferencias<br \/>\n\u2022 A partir de 10 horas: 48 \u20ac por hora<br \/>\n\u2022 A partir de 20 horas: 45 \u20ac por hora<br \/>\n\u2022 A partir de 50 horas: 40 \u20ac por hora<br \/>\n\u2022 A partir de 80 horas: 38 \u20ac por hora[\/vc_column_text]\t<div class=\"vc_btn3-container vc_btn3-left\">\n\t\t<a href=\"https:\/\/www.sprachschule-aktiv-hannover.de\/es\/contactar\/\" class=\"pgs_btn pgs_btn_style_1 pgs_btn_xl  vc_custom_1687896901348\">\n\t\t\t<span>\n\t\t\t\t\u00a1Inscr\u00edbete!\t\t\t<\/span>\n\t\t\t\t\t<\/a>\n\t<\/div>\n\t[\/vc_column_inner][\/vc_row_inner][\/vc_column][\/vc_row][vc_row][vc_column][vc_column_text]<\/p>\n<h2>Nuestros profesores no hacen compromisos<\/h2>\n<p>En el aprendizaje de idiomas, el \u00e9xito depende en gran medida del profesor. Somos conscientes de esto, por lo que seleccionamos profesores altamente calificados. Requisitos fundamentales son el dominio del alem\u00e1n como lengua materna y una formaci\u00f3n pedag\u00f3gica. Desde el primer d\u00eda, aprender\u00e1 la pronunciaci\u00f3n correcta y ser\u00e1 ense\u00f1ado seg\u00fan los \u00faltimos conocimientos pedag\u00f3gicos. Adem\u00e1s, la personalidad es importante. Solo aquellos que sean amables y corteses pueden ense\u00f1ar en la escuela de idiomas Aktiv en Hannover.[\/vc_column_text][vc_row_inner][vc_column_inner width=&#8221;1\/2&#8243;][vc_column_text]<iframe title=\"YouTube video player\" src=\"https:\/\/www.youtube.com\/embed\/JOvJI8b4z_E\" width=\"560\" height=\"315\" frameborder=\"0\" allowfullscreen=\"allowfullscreen\"><\/iframe>[\/vc_column_text][\/vc_column_inner][vc_column_inner width=&#8221;1\/2&#8243;][vc_column_text]<iframe title=\"YouTube video player\" src=\"https:\/\/www.youtube.com\/embed\/54-5aCU96MM\" width=\"560\" height=\"315\" frameborder=\"0\" allowfullscreen=\"allowfullscreen\"><\/iframe>[\/vc_column_text][\/vc_column_inner][\/vc_row_inner][vc_column_text]<\/p>\n<h2>Cursos de alem\u00e1n en Hannover con certificado y evaluaci\u00f3n gratuita<\/h2>\n<p>Antes de decidirse por un curso de idiomas, le brindaremos asesoramiento completo. Si es necesario, realizaremos una evaluaci\u00f3n gratuita mediante nuestra prueba. A pesar de una buena asesor\u00eda, puede suceder que no est\u00e9 satisfecho con el curso. En ese caso, hable con nuestro personal para encontrar una soluci\u00f3n juntos. Si no es posible, puede cancelar el curso despu\u00e9s de la primera clase. Le reembolsaremos las tarifas del curso ya pagadas, por supuesto. Si tiene problemas durante el curso, comun\u00edquese con el instructor del curso o con nuestro personal.<\/p>\n<h2>Aprenda alem\u00e1n en Hannover en grupos peque\u00f1os de hasta 10 participantes<\/h2>\n<p>En nuestra escuela de idiomas en Hannover, ofrecemos cursos de alem\u00e1n en grupos peque\u00f1os con un m\u00e1ximo de 10 participantes. Nuestras clases son impartidas por profesores experimentados que se adaptan a las necesidades y conocimientos de cada participante. Nuestros cursos en grupos reducidos nos permiten ofrecer una ense\u00f1anza individual e interactiva. As\u00ed, tendr\u00e1s suficientes oportunidades para aplicar lo aprendido en la pr\u00e1ctica y mejorar r\u00e1pidamente tus habilidades ling\u00fc\u00edsticas en alem\u00e1n. \u00a1Inscr\u00edbete hoy mismo y mejoremos juntos tus conocimientos de alem\u00e1n!<\/p>\n<p>[\/vc_column_text][\/vc_column][\/vc_row][vc_row full_width=&#8221;stretch_row&#8221; css=&#8221;.vc_custom_1677770256935{background-color: #f8f8f8 !important;}&#8221;][vc_column][vc_column_text]<\/p>\n<h2>Un curso de alem\u00e1n en Hannover no tiene que ser caro<\/h2>\n<p>\u00bfDesea aprender alem\u00e1n pero tiene un presupuesto limitado? \u00a1No hay problema! Nuestra escuela de idiomas en Hannover ofrece cursos de alem\u00e1n asequibles sin que tenga que renunciar a la calidad y al \u00e9xito. Creemos que la ense\u00f1anza de idiomas deber\u00eda ser accesible para todos, independientemente de su situaci\u00f3n econ\u00f3mica. Por eso hemos dise\u00f1ado nuestros precios de manera justa y asequible, sin comprometer la calidad. En nuestro ambiente amigable y motivador, aprender\u00e1 alem\u00e1n y podr\u00e1 mejorar r\u00e1pidamente sus habilidades ling\u00fc\u00edsticas. \u00a1Inscr\u00edbete hoy mismo y mejoremos juntos tus conocimientos de alem\u00e1n!<\/p>\n<h2>Nuestra escuela de idiomas le ofrece muchas ventajas<\/h2>\n<p>En nuestra escuela de idiomas en Hannover, no solo ofrecemos clases de idiomas de alta calidad, sino tambi\u00e9n muchas otras ventajas. Nuestras experimentadas profesoras y profesores aseguran que las clases se adapten a sus necesidades y conocimientos individuales. Ofrecemos tanto clases grupales como individuales para que pueda elegir el m\u00e9todo de aprendizaje que mejor le convenga. Nuestras aulas modernas est\u00e1n equipadas con la \u00faltima tecnolog\u00eda para proporcionarle un entorno de aprendizaje efectivo y agradable. Adem\u00e1s, tiene la oportunidad de inscribirse en cursos especiales como alem\u00e1n de negocios o cursos de preparaci\u00f3n para ex\u00e1menes. \u00a1Reg\u00edstrese hoy mismo y juntos mejoraremos sus habilidades ling\u00fc\u00edsticas!<\/p>\n<h2>Curso de alem\u00e1n con garant\u00eda de devoluci\u00f3n de dinero<\/h2>\n<p>Creemos en la calidad de nuestros cursos de alem\u00e1n y queremos que usted tambi\u00e9n est\u00e9 convencido. Por eso, le ofrecemos una garant\u00eda de devoluci\u00f3n de dinero para nuestros cursos de alem\u00e1n. Si no est\u00e1 satisfecho con nuestro curso, puede recibir un reembolso durante las primeras semanas. Estamos seguros de que aprender\u00e1 alem\u00e1n de manera r\u00e1pida y efectiva con nosotros, y esperamos darle la bienvenida en nuestro curso.[\/vc_column_text][vc_row_inner][vc_column_inner width=&#8221;1\/2&#8243;][vc_column_text]<iframe title=\"YouTube video player\" src=\"https:\/\/www.youtube.com\/embed\/svIJFtMcbrw\" width=\"560\" height=\"315\" frameborder=\"0\" allowfullscreen=\"allowfullscreen\"><\/iframe>[\/vc_column_text][\/vc_column_inner][vc_column_inner width=&#8221;1\/2&#8243;][vc_column_text]<iframe title=\"YouTube video player\" src=\"https:\/\/www.youtube.com\/embed\/vTS0Mq6dQts\" width=\"560\" height=\"315\" frameborder=\"0\" allowfullscreen=\"allowfullscreen\"><\/iframe>[\/vc_column_text][\/vc_column_inner][\/vc_row_inner][\/vc_column][\/vc_row]<\/p>\n","protected":false},"excerpt":{"rendered":"<p>[vc_row full_width=&#8221;stretch_row_content_no_spaces&#8221; content_placement=&#8221;middle&#8221; css=&#8221;.vc_custom_1609838805447{background: #d6d5d3 url(https:\/\/www.sprachschule-aktiv-muenchen.de\/wp-content\/uploads\/2021\/01\/fondo-2.jpg?id=61569) !important;background-position: 0 0 !important;background-repeat: repeat !important;}&#8221;][vc_column width=&#8221;1\/2&#8243;][vc_single_image image=&#8221;721&#8243; img_size=&#8221;full&#8221;][\/vc_column][vc_column width=&#8221;1\/2&#8243; css=&#8221;.vc_custom_1609834442227{background-position: center !important;background-repeat: no-repeat !important;background-size: contain !important;}&#8221;][vc_column_text] Bienvenido [\/vc_column_text][vc_column_text] a Sprachschule Aktiv [\/vc_column_text][vc_row_inner css=&#8221;.vc_custom_1609833991579{margin-top: 10px !important;}&#8221;][vc_column_inner][\/vc_column_inner][\/vc_row_inner][\/vc_column][\/vc_row][vc_row css=&#8221;.vc_custom_1643183134911{margin-top: 25px !important;}&#8221;][vc_column][vc_column_text] Aprende alem\u00e1n en Hannover &#8211; Cursos de alem\u00e1n desde A1 hasta C2 [\/vc_column_text][vc_row_inner][vc_column_inner width=&#8221;1\/2&#8243;][vc_column_text][\/vc_column_text][\/vc_column_inner][vc_column_inner width=&#8221;1\/2&#8243;][vc_column_text]Si deseas aprender alem\u00e1n en Hannover,&hellip; <a class=\"read-more\" href=\"https:\/\/www.sprachschule-aktiv-hannover.de\/es\/\" title=\"Read Home\">Read more &raquo;<\/a><\/p>\n","protected":false},"author":1,"featured_media":0,"parent":0,"menu_order":0,"comment_status":"closed","ping_status":"closed","template":"","meta":{"footnotes":""},"class_list":["post-1832","page","type-page","status-publish","hentry"],"yoast_head":"<!-- This site is optimized with the Yoast SEO plugin v27.1.1 - https:\/\/yoast.com\/product\/yoast-seo-wordpress\/ -->\n<title>Cursos de alem\u00e1n en Hannover - desde A1 hasta C2<\/title>\n<meta name=\"description\" content=\"Cursos de alem\u00e1n en Hannover desde A1 hasta C2. \u00a1Aprende alem\u00e1n presencial o en l\u00ednea con una clase de prueba gratuita!\" \/>\n<meta name=\"robots\" content=\"index, follow, max-snippet:-1, max-image-preview:large, max-video-preview:-1\" \/>\n<link rel=\"canonical\" href=\"https:\/\/www.sprachschule-aktiv-hannover.de\/es\/\" \/>\n<meta property=\"og:locale\" content=\"es_ES\" \/>\n<meta property=\"og:type\" content=\"article\" \/>\n<meta property=\"og:title\" content=\"Cursos de alem\u00e1n en Hannover - desde A1 hasta C2\" \/>\n<meta property=\"og:description\" content=\"Cursos de alem\u00e1n en Hannover desde A1 hasta C2. \u00a1Aprende alem\u00e1n presencial o en l\u00ednea con una clase de prueba gratuita!\" \/>\n<meta property=\"og:url\" content=\"https:\/\/www.sprachschule-aktiv-hannover.de\/es\/\" \/>\n<meta property=\"og:site_name\" content=\"Sprachschule Aktiv Hannover\" \/>\n<meta property=\"article:modified_time\" content=\"2024-10-20T15:32:55+00:00\" \/>\n<meta property=\"og:image\" content=\"https:\/\/www.sprachschule-aktiv-hannover.de\/wp-content\/uploads\/2021\/12\/sprachschule-hannover-1024x576.jpg\" \/>\n<meta name=\"twitter:card\" content=\"summary_large_image\" \/>\n<meta name=\"twitter:label1\" content=\"Tiempo de lectura\" \/>\n\t<meta name=\"twitter:data1\" content=\"8 minutos\" \/>\n<script type=\"application\/ld+json\" class=\"yoast-schema-graph\">{\"@context\":\"https:\/\/schema.org\",\"@graph\":[{\"@type\":\"WebPage\",\"@id\":\"https:\/\/www.sprachschule-aktiv-hannover.de\/es\/\",\"url\":\"https:\/\/www.sprachschule-aktiv-hannover.de\/es\/\",\"name\":\"Cursos de alem\u00e1n en Hannover - desde A1 hasta C2\",\"isPartOf\":{\"@id\":\"https:\/\/www.sprachschule-aktiv-hannover.de\/#website\"},\"primaryImageOfPage\":{\"@id\":\"https:\/\/www.sprachschule-aktiv-hannover.de\/es\/#primaryimage\"},\"image\":{\"@id\":\"https:\/\/www.sprachschule-aktiv-hannover.de\/es\/#primaryimage\"},\"thumbnailUrl\":\"https:\/\/www.sprachschule-aktiv-hannover.de\/wp-content\/uploads\/2021\/12\/sprachschule-hannover-1024x576.jpg\",\"datePublished\":\"2018-01-11T17:49:20+00:00\",\"dateModified\":\"2024-10-20T15:32:55+00:00\",\"description\":\"Cursos de alem\u00e1n en Hannover desde A1 hasta C2. \u00a1Aprende alem\u00e1n presencial o en l\u00ednea con una clase de prueba gratuita!\",\"breadcrumb\":{\"@id\":\"https:\/\/www.sprachschule-aktiv-hannover.de\/es\/#breadcrumb\"},\"inLanguage\":\"es\",\"potentialAction\":[{\"@type\":\"ReadAction\",\"target\":[\"https:\/\/www.sprachschule-aktiv-hannover.de\/es\/\"]}]},{\"@type\":\"ImageObject\",\"inLanguage\":\"es\",\"@id\":\"https:\/\/www.sprachschule-aktiv-hannover.de\/es\/#primaryimage\",\"url\":\"https:\/\/www.sprachschule-aktiv-hannover.de\/wp-content\/uploads\/2021\/12\/sprachschule-hannover-1024x576.jpg\",\"contentUrl\":\"https:\/\/www.sprachschule-aktiv-hannover.de\/wp-content\/uploads\/2021\/12\/sprachschule-hannover-1024x576.jpg\"},{\"@type\":\"BreadcrumbList\",\"@id\":\"https:\/\/www.sprachschule-aktiv-hannover.de\/es\/#breadcrumb\",\"itemListElement\":[{\"@type\":\"ListItem\",\"position\":1,\"name\":\"Startseite\",\"item\":\"https:\/\/www.sprachschule-aktiv-hannover.de\/es\/\"},{\"@type\":\"ListItem\",\"position\":2,\"name\":\"Home\"}]},{\"@type\":\"WebSite\",\"@id\":\"https:\/\/www.sprachschule-aktiv-hannover.de\/#website\",\"url\":\"https:\/\/www.sprachschule-aktiv-hannover.de\/\",\"name\":\"Sprachschule Aktiv Hannover\",\"description\":\"\",\"potentialAction\":[{\"@type\":\"SearchAction\",\"target\":{\"@type\":\"EntryPoint\",\"urlTemplate\":\"https:\/\/www.sprachschule-aktiv-hannover.de\/?s={search_term_string}\"},\"query-input\":{\"@type\":\"PropertyValueSpecification\",\"valueRequired\":true,\"valueName\":\"search_term_string\"}}],\"inLanguage\":\"es\"}]}<\/script>\n<!-- \/ Yoast SEO plugin. -->","yoast_head_json":{"title":"Cursos de alem\u00e1n en Hannover - desde A1 hasta C2","description":"Cursos de alem\u00e1n en Hannover desde A1 hasta C2. \u00a1Aprende alem\u00e1n presencial o en l\u00ednea con una clase de prueba gratuita!","robots":{"index":"index","follow":"follow","max-snippet":"max-snippet:-1","max-image-preview":"max-image-preview:large","max-video-preview":"max-video-preview:-1"},"canonical":"https:\/\/www.sprachschule-aktiv-hannover.de\/es\/","og_locale":"es_ES","og_type":"article","og_title":"Cursos de alem\u00e1n en Hannover - desde A1 hasta C2","og_description":"Cursos de alem\u00e1n en Hannover desde A1 hasta C2. \u00a1Aprende alem\u00e1n presencial o en l\u00ednea con una clase de prueba gratuita!","og_url":"https:\/\/www.sprachschule-aktiv-hannover.de\/es\/","og_site_name":"Sprachschule Aktiv Hannover","article_modified_time":"2024-10-20T15:32:55+00:00","og_image":[{"url":"https:\/\/www.sprachschule-aktiv-hannover.de\/wp-content\/uploads\/2021\/12\/sprachschule-hannover-1024x576.jpg","type":"","width":"","height":""}],"twitter_card":"summary_large_image","twitter_misc":{"Tiempo de lectura":"8 minutos"},"schema":{"@context":"https:\/\/schema.org","@graph":[{"@type":"WebPage","@id":"https:\/\/www.sprachschule-aktiv-hannover.de\/es\/","url":"https:\/\/www.sprachschule-aktiv-hannover.de\/es\/","name":"Cursos de alem\u00e1n en Hannover - desde A1 hasta C2","isPartOf":{"@id":"https:\/\/www.sprachschule-aktiv-hannover.de\/#website"},"primaryImageOfPage":{"@id":"https:\/\/www.sprachschule-aktiv-hannover.de\/es\/#primaryimage"},"image":{"@id":"https:\/\/www.sprachschule-aktiv-hannover.de\/es\/#primaryimage"},"thumbnailUrl":"https:\/\/www.sprachschule-aktiv-hannover.de\/wp-content\/uploads\/2021\/12\/sprachschule-hannover-1024x576.jpg","datePublished":"2018-01-11T17:49:20+00:00","dateModified":"2024-10-20T15:32:55+00:00","description":"Cursos de alem\u00e1n en Hannover desde A1 hasta C2. \u00a1Aprende alem\u00e1n presencial o en l\u00ednea con una clase de prueba gratuita!","breadcrumb":{"@id":"https:\/\/www.sprachschule-aktiv-hannover.de\/es\/#breadcrumb"},"inLanguage":"es","potentialAction":[{"@type":"ReadAction","target":["https:\/\/www.sprachschule-aktiv-hannover.de\/es\/"]}]},{"@type":"ImageObject","inLanguage":"es","@id":"https:\/\/www.sprachschule-aktiv-hannover.de\/es\/#primaryimage","url":"https:\/\/www.sprachschule-aktiv-hannover.de\/wp-content\/uploads\/2021\/12\/sprachschule-hannover-1024x576.jpg","contentUrl":"https:\/\/www.sprachschule-aktiv-hannover.de\/wp-content\/uploads\/2021\/12\/sprachschule-hannover-1024x576.jpg"},{"@type":"BreadcrumbList","@id":"https:\/\/www.sprachschule-aktiv-hannover.de\/es\/#breadcrumb","itemListElement":[{"@type":"ListItem","position":1,"name":"Startseite","item":"https:\/\/www.sprachschule-aktiv-hannover.de\/es\/"},{"@type":"ListItem","position":2,"name":"Home"}]},{"@type":"WebSite","@id":"https:\/\/www.sprachschule-aktiv-hannover.de\/#website","url":"https:\/\/www.sprachschule-aktiv-hannover.de\/","name":"Sprachschule Aktiv Hannover","description":"","potentialAction":[{"@type":"SearchAction","target":{"@type":"EntryPoint","urlTemplate":"https:\/\/www.sprachschule-aktiv-hannover.de\/?s={search_term_string}"},"query-input":{"@type":"PropertyValueSpecification","valueRequired":true,"valueName":"search_term_string"}}],"inLanguage":"es"}]}},"_links":{"self":[{"href":"https:\/\/www.sprachschule-aktiv-hannover.de\/es\/wp-json\/wp\/v2\/pages\/1832","targetHints":{"allow":["GET"]}}],"collection":[{"href":"https:\/\/www.sprachschule-aktiv-hannover.de\/es\/wp-json\/wp\/v2\/pages"}],"about":[{"href":"https:\/\/www.sprachschule-aktiv-hannover.de\/es\/wp-json\/wp\/v2\/types\/page"}],"author":[{"embeddable":true,"href":"https:\/\/www.sprachschule-aktiv-hannover.de\/es\/wp-json\/wp\/v2\/users\/1"}],"replies":[{"embeddable":true,"href":"https:\/\/www.sprachschule-aktiv-hannover.de\/es\/wp-json\/wp\/v2\/comments?post=1832"}],"version-history":[{"count":10,"href":"https:\/\/www.sprachschule-aktiv-hannover.de\/es\/wp-json\/wp\/v2\/pages\/1832\/revisions"}],"predecessor-version":[{"id":3166,"href":"https:\/\/www.sprachschule-aktiv-hannover.de\/es\/wp-json\/wp\/v2\/pages\/1832\/revisions\/3166"}],"wp:attachment":[{"href":"https:\/\/www.sprachschule-aktiv-hannover.de\/es\/wp-json\/wp\/v2\/media?parent=1832"}],"curies":[{"name":"wp","href":"https:\/\/api.w.org\/{rel}","templated":true}]}}