{"id":1841,"date":"2018-01-12T07:24:00","date_gmt":"2018-01-12T06:24:00","guid":{"rendered":"https:\/\/www.sprachschule-aktiv-hannover.de\/anmeldung-sprachschule-hannover\/"},"modified":"2025-08-26T11:54:58","modified_gmt":"2025-08-26T09:54:58","slug":"inscripcion","status":"publish","type":"page","link":"https:\/\/www.sprachschule-aktiv-hannover.de\/es\/inscripcion\/","title":{"rendered":"Inscripci\u00f3n"},"content":{"rendered":"<p>[vc_row css=&#8221;.vc_custom_1538681911058{margin-top: 20px !important;}&#8221;][vc_column][vc_column_text]<\/p>\n<h1>Formulario de inscripci\u00f3n \u2013 Sprachschule Aktiv Hannover<\/h1>\n<p>N\u00famero de tel\u00e9fono y whatsapp<br \/>\n+49 1520 8271493<br \/>\ninfo@sprachschule-aktiv-hannover.de[\/vc_column_text][\/vc_column][\/vc_row][vc_row full_width=&#8221;stretch_row&#8221; css=&#8221;.vc_custom_1538681944998{padding-top: 10px !important;padding-bottom: 20px !important;background-color: #f9f9f9 !important;}&#8221;][vc_column][vc_column_text]\n<div class=\"wpcf7 no-js\" id=\"wpcf7-f1842-o1\" lang=\"de-DE\" dir=\"ltr\" data-wpcf7-id=\"1842\">\n<div class=\"screen-reader-response\"><p role=\"status\" aria-live=\"polite\" aria-atomic=\"true\"><\/p> <ul><\/ul><\/div>\n<form action=\"\/es\/wp-json\/wp\/v2\/pages\/1841#wpcf7-f1842-o1\" method=\"post\" class=\"wpcf7-form init wpcf7-acceptance-as-validation\" aria-label=\"Kontaktformular\" novalidate=\"novalidate\" data-status=\"init\">\n<fieldset class=\"hidden-fields-container\"><input type=\"hidden\" name=\"_wpcf7\" value=\"1842\" \/><input type=\"hidden\" name=\"_wpcf7_version\" value=\"6.1.5\" \/><input type=\"hidden\" name=\"_wpcf7_locale\" value=\"de_DE\" \/><input type=\"hidden\" name=\"_wpcf7_unit_tag\" value=\"wpcf7-f1842-o1\" \/><input type=\"hidden\" name=\"_wpcf7_container_post\" value=\"0\" \/><input type=\"hidden\" name=\"_wpcf7_posted_data_hash\" value=\"\" \/><input type=\"hidden\" name=\"_wpcf7cf_hidden_group_fields\" value=\"[]\" \/><input type=\"hidden\" name=\"_wpcf7cf_hidden_groups\" value=\"[]\" \/><input type=\"hidden\" name=\"_wpcf7cf_visible_groups\" value=\"[]\" \/><input type=\"hidden\" name=\"_wpcf7cf_repeaters\" value=\"[]\" \/><input type=\"hidden\" name=\"_wpcf7cf_steps\" value=\"{}\" \/><input type=\"hidden\" name=\"_wpcf7cf_options\" value=\"{&quot;form_id&quot;:1842,&quot;conditions&quot;:[],&quot;settings&quot;:{&quot;animation&quot;:&quot;yes&quot;,&quot;animation_intime&quot;:200,&quot;animation_outtime&quot;:200,&quot;conditions_ui&quot;:&quot;normal&quot;,&quot;notice_dismissed&quot;:false}}\" \/><input type=\"hidden\" name=\"_wpcf7_recaptcha_response\" value=\"\" \/>\n<\/fieldset>\n<p>Empresa: <span class=\"wpcf7-form-control-wrap\" data-name=\"Firma\"><input size=\"40\" maxlength=\"400\" class=\"wpcf7-form-control wpcf7-text\" aria-invalid=\"false\" value=\"\" type=\"text\" name=\"Firma\" \/><\/span>\n<\/p>\n<p>Nombre*: <span class=\"wpcf7-form-control-wrap\" data-name=\"Vorname\"><input size=\"40\" maxlength=\"400\" class=\"wpcf7-form-control wpcf7-text wpcf7-validates-as-required\" aria-required=\"true\" aria-invalid=\"false\" value=\"\" type=\"text\" name=\"Vorname\" \/><\/span>\n<\/p>\n<p>Apellidos*: <span class=\"wpcf7-form-control-wrap\" data-name=\"Nachname\"><input size=\"40\" maxlength=\"400\" class=\"wpcf7-form-control wpcf7-text wpcf7-validates-as-required\" aria-required=\"true\" aria-invalid=\"false\" value=\"\" type=\"text\" name=\"Nachname\" \/><\/span>\n<\/p>\n<p>Calle\/Nr*: <span class=\"wpcf7-form-control-wrap\" data-name=\"Adresse\"><input size=\"40\" maxlength=\"400\" class=\"wpcf7-form-control wpcf7-text wpcf7-validates-as-required\" aria-required=\"true\" aria-invalid=\"false\" value=\"\" type=\"text\" name=\"Adresse\" \/><\/span>\n<\/p>\n<p>C\u00f3digo postal\/Ciudad*: <span class=\"wpcf7-form-control-wrap\" data-name=\"PLZ-Ort\"><input size=\"40\" maxlength=\"400\" class=\"wpcf7-form-control wpcf7-text wpcf7-validates-as-required\" aria-required=\"true\" aria-invalid=\"false\" value=\"\" type=\"text\" name=\"PLZ-Ort\" \/><\/span>\n<\/p>\n<p>Tel\u00e9fono*: <span class=\"wpcf7-form-control-wrap\" data-name=\"Telefon\"><input size=\"40\" maxlength=\"400\" class=\"wpcf7-form-control wpcf7-text wpcf7-validates-as-required\" aria-required=\"true\" aria-invalid=\"false\" value=\"\" type=\"text\" name=\"Telefon\" \/><\/span>\n<\/p>\n<p>E-Mail*: <span class=\"wpcf7-form-control-wrap\" data-name=\"Email\"><input size=\"40\" maxlength=\"400\" class=\"wpcf7-form-control wpcf7-email wpcf7-validates-as-required wpcf7-text wpcf7-validates-as-email\" aria-required=\"true\" aria-invalid=\"false\" value=\"\" type=\"email\" name=\"Email\" \/><\/span>\n<\/p>\n<h2>Informaci\u00f3n del curso:\n<\/h2>\n<p>Idioma*: <span class=\"wpcf7-form-control-wrap\" data-name=\"Sprache\"><input size=\"40\" maxlength=\"400\" class=\"wpcf7-form-control wpcf7-text wpcf7-validates-as-required\" aria-required=\"true\" aria-invalid=\"false\" value=\"\" type=\"text\" name=\"Sprache\" \/><\/span>\n<\/p>\n<p>Tipo de curso*: <span class=\"wpcf7-form-control-wrap\" data-name=\"Kursart\"><input size=\"40\" maxlength=\"400\" class=\"wpcf7-form-control wpcf7-text wpcf7-validates-as-required\" aria-required=\"true\" aria-invalid=\"false\" value=\"\" type=\"text\" name=\"Kursart\" \/><\/span>\n<\/p>\n<p>Nivel*: <span class=\"wpcf7-form-control-wrap\" data-name=\"Niveau\"><input size=\"40\" maxlength=\"400\" class=\"wpcf7-form-control wpcf7-text wpcf7-validates-as-required\" aria-required=\"true\" aria-invalid=\"false\" value=\"\" type=\"text\" name=\"Niveau\" \/><\/span>\n<\/p>\n<p>Comienzo del curso*: <span class=\"wpcf7-form-control-wrap\" data-name=\"Kursbeginn\"><input size=\"40\" maxlength=\"400\" class=\"wpcf7-form-control wpcf7-text wpcf7-validates-as-required\" aria-required=\"true\" aria-invalid=\"false\" value=\"\" type=\"text\" name=\"Kursbeginn\" \/><\/span>\n<\/p>\n<p>Duraci\u00f3n del curso (Solo para cursos intensivos): <span class=\"wpcf7-form-control-wrap\" data-name=\"DauerDesKurses\"><input size=\"40\" maxlength=\"400\" class=\"wpcf7-form-control wpcf7-text\" aria-invalid=\"false\" value=\"\" type=\"text\" name=\"DauerDesKurses\" \/><\/span>\n<\/p>\n<p>N\u00famero de horas deseado (solo para cursos privados): <span class=\"wpcf7-form-control-wrap\" data-name=\"GewunschteStundenzahl\"><input size=\"40\" maxlength=\"400\" class=\"wpcf7-form-control wpcf7-text\" aria-invalid=\"false\" value=\"\" type=\"text\" name=\"GewunschteStundenzahl\" \/><\/span>\n<\/p>\n<h2>Pago:\n<\/h2>\n<p>M\u00e9todos de pago: <span class=\"wpcf7-form-control-wrap\" data-name=\"Zahlungsweise\"><select class=\"wpcf7-form-control wpcf7-select wpcf7-validates-as-required\" aria-required=\"true\" aria-invalid=\"false\" name=\"Zahlungsweise\"><option value=\"Pago en efectivo en el sitio antes de que comience el curso\">Pago en efectivo en el sitio antes de que comience el curso<\/option><option value=\"Compra a cuenta\">Compra a cuenta<\/option><option value=\"Paypal: sa.hannover1@gmail.com\">Paypal: sa.hannover1@gmail.com<\/option><\/select><\/span>\n<\/p>\n<h2>Consulta, sugerencias:\n<\/h2>\n<p><span class=\"wpcf7-form-control-wrap\" data-name=\"Bemerkungen\"><textarea cols=\"40\" rows=\"10\" maxlength=\"2000\" class=\"wpcf7-form-control wpcf7-textarea\" aria-invalid=\"false\" name=\"Bemerkungen\"><\/textarea><\/span>\n<\/p>\n<div style=\"\">\n\t<p><span class=\"wpcf7-form-control-wrap\" data-name=\"agb\"><span class=\"wpcf7-form-control wpcf7-acceptance\"><span class=\"wpcf7-list-item\"><input type=\"checkbox\" name=\"agb\" value=\"1\" checked=\"checked\" aria-invalid=\"false\" \/><\/span><\/span><\/span> (*) Acepto haber le\u00eddo y aceptado los <a href=\"https:\/\/www.sprachschule-aktiv-hannover.de\/allgemeine-geschaftsbedingungen\/\" target=\"_blank\">t\u00e9rminos legales<\/a> y la <a href=\"https:\/\/www.sprachschule-aktiv-hannover.de\/datenschutzerklarung\/\" target=\"_blank\">pol\u00edtica privacidad de datos<\/a>.\n\t<\/p>\n<\/div>\n<p>&nbsp;\n<\/p>\n<p><input class=\"wpcf7-form-control wpcf7-submit has-spinner\" type=\"submit\" value=\"Enviar formulario\" \/>\n<\/p><div class=\"wpcf7-response-output\" aria-hidden=\"true\"><\/div>\n<\/form>\n<\/div>\n[\/vc_column_text][\/vc_column][\/vc_row]<\/p>\n","protected":false},"excerpt":{"rendered":"<p>[vc_row css=&#8221;.vc_custom_1538681911058{margin-top: 20px !important;}&#8221;][vc_column][vc_column_text] Formulario de inscripci\u00f3n \u2013 Sprachschule Aktiv Hannover N\u00famero de tel\u00e9fono y whatsapp +49 1520 8271493 info@sprachschule-aktiv-hannover.de[\/vc_column_text][\/vc_column][\/vc_row][vc_row full_width=&#8221;stretch_row&#8221; css=&#8221;.vc_custom_1538681944998{padding-top: 10px !important;padding-bottom: 20px !important;background-color: #f9f9f9 !important;}&#8221;][vc_column][vc_column_text][\/vc_column_text][\/vc_column][\/vc_row]<\/p>\n","protected":false},"author":1,"featured_media":0,"parent":0,"menu_order":0,"comment_status":"closed","ping_status":"closed","template":"","meta":{"footnotes":""},"class_list":["post-1841","page","type-page","status-publish","hentry"],"yoast_head":"<!-- This site is optimized with the Yoast SEO plugin v27.1.1 - https:\/\/yoast.com\/product\/yoast-seo-wordpress\/ -->\n<title>Inscripci\u00f3n para cursos - Sprachschule Aktiv Hannover<\/title>\n<meta name=\"description\" content=\"Formulario de inscripci\u00f3n a los cursos. Seleccione su idioma e inscr\u00edbase en el curso de idioma deseado. Escuela idiomas Hannover.\" \/>\n<meta name=\"robots\" content=\"index, follow, max-snippet:-1, max-image-preview:large, max-video-preview:-1\" \/>\n<link rel=\"canonical\" href=\"https:\/\/www.sprachschule-aktiv-hannover.de\/es\/inscripcion\/\" \/>\n<meta property=\"og:locale\" content=\"es_ES\" \/>\n<meta property=\"og:type\" content=\"article\" \/>\n<meta property=\"og:title\" content=\"Inscripci\u00f3n para cursos - Sprachschule Aktiv Hannover\" \/>\n<meta property=\"og:description\" content=\"Formulario de inscripci\u00f3n a los cursos. Seleccione su idioma e inscr\u00edbase en el curso de idioma deseado. Escuela idiomas Hannover.\" \/>\n<meta property=\"og:url\" content=\"https:\/\/www.sprachschule-aktiv-hannover.de\/es\/inscripcion\/\" \/>\n<meta property=\"og:site_name\" content=\"Sprachschule Aktiv Hannover\" \/>\n<meta property=\"article:modified_time\" content=\"2025-08-26T09:54:58+00:00\" \/>\n<meta name=\"twitter:card\" content=\"summary_large_image\" \/>\n<meta name=\"twitter:label1\" content=\"Tiempo de lectura\" \/>\n\t<meta name=\"twitter:data1\" content=\"1 minuto\" \/>\n<script type=\"application\/ld+json\" class=\"yoast-schema-graph\">{\"@context\":\"https:\/\/schema.org\",\"@graph\":[{\"@type\":\"WebPage\",\"@id\":\"https:\/\/www.sprachschule-aktiv-hannover.de\/es\/inscripcion\/\",\"url\":\"https:\/\/www.sprachschule-aktiv-hannover.de\/es\/inscripcion\/\",\"name\":\"Inscripci\u00f3n para cursos - Sprachschule Aktiv Hannover\",\"isPartOf\":{\"@id\":\"https:\/\/www.sprachschule-aktiv-hannover.de\/#website\"},\"datePublished\":\"2018-01-12T06:24:00+00:00\",\"dateModified\":\"2025-08-26T09:54:58+00:00\",\"description\":\"Formulario de inscripci\u00f3n a los cursos. Seleccione su idioma e inscr\u00edbase en el curso de idioma deseado. Escuela idiomas Hannover.\",\"breadcrumb\":{\"@id\":\"https:\/\/www.sprachschule-aktiv-hannover.de\/es\/inscripcion\/#breadcrumb\"},\"inLanguage\":\"es\",\"potentialAction\":[{\"@type\":\"ReadAction\",\"target\":[\"https:\/\/www.sprachschule-aktiv-hannover.de\/es\/inscripcion\/\"]}]},{\"@type\":\"BreadcrumbList\",\"@id\":\"https:\/\/www.sprachschule-aktiv-hannover.de\/es\/inscripcion\/#breadcrumb\",\"itemListElement\":[{\"@type\":\"ListItem\",\"position\":1,\"name\":\"Startseite\",\"item\":\"https:\/\/www.sprachschule-aktiv-hannover.de\/es\/\"},{\"@type\":\"ListItem\",\"position\":2,\"name\":\"Inscripci\u00f3n\"}]},{\"@type\":\"WebSite\",\"@id\":\"https:\/\/www.sprachschule-aktiv-hannover.de\/#website\",\"url\":\"https:\/\/www.sprachschule-aktiv-hannover.de\/\",\"name\":\"Sprachschule Aktiv Hannover\",\"description\":\"\",\"potentialAction\":[{\"@type\":\"SearchAction\",\"target\":{\"@type\":\"EntryPoint\",\"urlTemplate\":\"https:\/\/www.sprachschule-aktiv-hannover.de\/?s={search_term_string}\"},\"query-input\":{\"@type\":\"PropertyValueSpecification\",\"valueRequired\":true,\"valueName\":\"search_term_string\"}}],\"inLanguage\":\"es\"}]}<\/script>\n<!-- \/ Yoast SEO plugin. -->","yoast_head_json":{"title":"Inscripci\u00f3n para cursos - Sprachschule Aktiv Hannover","description":"Formulario de inscripci\u00f3n a los cursos. Seleccione su idioma e inscr\u00edbase en el curso de idioma deseado. Escuela idiomas Hannover.","robots":{"index":"index","follow":"follow","max-snippet":"max-snippet:-1","max-image-preview":"max-image-preview:large","max-video-preview":"max-video-preview:-1"},"canonical":"https:\/\/www.sprachschule-aktiv-hannover.de\/es\/inscripcion\/","og_locale":"es_ES","og_type":"article","og_title":"Inscripci\u00f3n para cursos - Sprachschule Aktiv Hannover","og_description":"Formulario de inscripci\u00f3n a los cursos. Seleccione su idioma e inscr\u00edbase en el curso de idioma deseado. Escuela idiomas Hannover.","og_url":"https:\/\/www.sprachschule-aktiv-hannover.de\/es\/inscripcion\/","og_site_name":"Sprachschule Aktiv Hannover","article_modified_time":"2025-08-26T09:54:58+00:00","twitter_card":"summary_large_image","twitter_misc":{"Tiempo de lectura":"1 minuto"},"schema":{"@context":"https:\/\/schema.org","@graph":[{"@type":"WebPage","@id":"https:\/\/www.sprachschule-aktiv-hannover.de\/es\/inscripcion\/","url":"https:\/\/www.sprachschule-aktiv-hannover.de\/es\/inscripcion\/","name":"Inscripci\u00f3n para cursos - Sprachschule Aktiv Hannover","isPartOf":{"@id":"https:\/\/www.sprachschule-aktiv-hannover.de\/#website"},"datePublished":"2018-01-12T06:24:00+00:00","dateModified":"2025-08-26T09:54:58+00:00","description":"Formulario de inscripci\u00f3n a los cursos. Seleccione su idioma e inscr\u00edbase en el curso de idioma deseado. Escuela idiomas Hannover.","breadcrumb":{"@id":"https:\/\/www.sprachschule-aktiv-hannover.de\/es\/inscripcion\/#breadcrumb"},"inLanguage":"es","potentialAction":[{"@type":"ReadAction","target":["https:\/\/www.sprachschule-aktiv-hannover.de\/es\/inscripcion\/"]}]},{"@type":"BreadcrumbList","@id":"https:\/\/www.sprachschule-aktiv-hannover.de\/es\/inscripcion\/#breadcrumb","itemListElement":[{"@type":"ListItem","position":1,"name":"Startseite","item":"https:\/\/www.sprachschule-aktiv-hannover.de\/es\/"},{"@type":"ListItem","position":2,"name":"Inscripci\u00f3n"}]},{"@type":"WebSite","@id":"https:\/\/www.sprachschule-aktiv-hannover.de\/#website","url":"https:\/\/www.sprachschule-aktiv-hannover.de\/","name":"Sprachschule Aktiv Hannover","description":"","potentialAction":[{"@type":"SearchAction","target":{"@type":"EntryPoint","urlTemplate":"https:\/\/www.sprachschule-aktiv-hannover.de\/?s={search_term_string}"},"query-input":{"@type":"PropertyValueSpecification","valueRequired":true,"valueName":"search_term_string"}}],"inLanguage":"es"}]}},"_links":{"self":[{"href":"https:\/\/www.sprachschule-aktiv-hannover.de\/es\/wp-json\/wp\/v2\/pages\/1841","targetHints":{"allow":["GET"]}}],"collection":[{"href":"https:\/\/www.sprachschule-aktiv-hannover.de\/es\/wp-json\/wp\/v2\/pages"}],"about":[{"href":"https:\/\/www.sprachschule-aktiv-hannover.de\/es\/wp-json\/wp\/v2\/types\/page"}],"author":[{"embeddable":true,"href":"https:\/\/www.sprachschule-aktiv-hannover.de\/es\/wp-json\/wp\/v2\/users\/1"}],"replies":[{"embeddable":true,"href":"https:\/\/www.sprachschule-aktiv-hannover.de\/es\/wp-json\/wp\/v2\/comments?post=1841"}],"version-history":[{"count":2,"href":"https:\/\/www.sprachschule-aktiv-hannover.de\/es\/wp-json\/wp\/v2\/pages\/1841\/revisions"}],"predecessor-version":[{"id":3227,"href":"https:\/\/www.sprachschule-aktiv-hannover.de\/es\/wp-json\/wp\/v2\/pages\/1841\/revisions\/3227"}],"wp:attachment":[{"href":"https:\/\/www.sprachschule-aktiv-hannover.de\/es\/wp-json\/wp\/v2\/media?parent=1841"}],"curies":[{"name":"wp","href":"https:\/\/api.w.org\/{rel}","templated":true}]}}