{"id":2093,"date":"2018-01-11T18:49:20","date_gmt":"2018-01-11T17:49:20","guid":{"rendered":"https:\/\/www.sprachschule-aktiv-hannover.de\/home\/"},"modified":"2024-01-31T16:59:56","modified_gmt":"2024-01-31T15:59:56","slug":"home","status":"publish","type":"page","link":"https:\/\/www.sprachschule-aktiv-hannover.de\/fr\/","title":{"rendered":"Home"},"content":{"rendered":"<p>[vc_row full_width=&#8221;stretch_row_content_no_spaces&#8221; content_placement=&#8221;middle&#8221; css=&#8221;.vc_custom_1609838805447{background: #d6d5d3 url(https:\/\/www.sprachschule-aktiv-muenchen.de\/wp-content\/uploads\/2021\/01\/fondo-2.jpg?id=61569) !important;background-position: 0 0 !important;background-repeat: repeat !important;}&#8221;][vc_column width=&#8221;1\/2&#8243;][vc_single_image image=&#8221;721&#8243; img_size=&#8221;full&#8221;][\/vc_column][vc_column width=&#8221;1\/2&#8243; css=&#8221;.vc_custom_1609834442227{background-position: center !important;background-repeat: no-repeat !important;background-size: contain !important;}&#8221;][vc_column_text]<\/p>\n<div class=\"slidetitel\">Bienvenue<\/div>\n<p>[\/vc_column_text][vc_column_text]<\/p>\n<p style=\"text-align: center; font-size: 40px; margin-top: 15px; lin-height: 40px;\">\u00e0 l&#8217;\u00e9cole de langue Aktiv<\/p>\n<p>[\/vc_column_text][vc_row_inner css=&#8221;.vc_custom_1609833991579{margin-top: 10px !important;}&#8221;][vc_column_inner]\t<div class=\"vc_btn3-container vc_btn3-center\">\n\t\t<a href=\"https:\/\/www.sprachschule-aktiv-hannover.de\/fr\/contactez-nous\/\" class=\"pgs_btn pgs_btn_style_1 pgs_btn_xl\">\n\t\t\t<span>\n\t\t\t\tContactez-nous\t\t\t<\/span>\n\t\t\t\t\t<\/a>\n\t<\/div>\n\t\t<div class=\"vc_btn3-container vc_btn3-center\">\n\t\t<a href=\"https:\/\/www.sprachschule-aktiv-hannover.de\/fr\/enregistrer\/\" class=\"pgs_btn pgs_btn_style_1 pgs_btn_xl\">\n\t\t\t<span>\n\t\t\t\tS&#039;inscrire maintenant\t\t\t<\/span>\n\t\t\t\t\t<\/a>\n\t<\/div>\n\t[\/vc_column_inner][\/vc_row_inner][\/vc_column][\/vc_row][vc_row css=&#8221;.vc_custom_1643183134911{margin-top: 25px !important;}&#8221;][vc_column][vc_column_text]<\/p>\n<h1>Apprendre l&#8217;allemand \u00e0 Hanovre &#8211; Cours d&#8217;allemand de A1 \u00e0 C2<\/h1>\n<p>[\/vc_column_text][vc_row_inner][vc_column_inner width=&#8221;1\/2&#8243;][vc_column_text]<iframe title=\"YouTube video player\" src=\"https:\/\/www.youtube.com\/embed\/8FEh6N5gn7k\" width=\"560\" height=\"315\" frameborder=\"0\" allowfullscreen=\"allowfullscreen\"><\/iframe>[\/vc_column_text][\/vc_column_inner][vc_column_inner width=&#8221;1\/2&#8243;][vc_column_text]Si vous souhaitez apprendre l&#8217;allemand \u00e0 Hanovre, vous devriez vous tourner vers une \u00e9cole de langues professionnelle. Chez Sprachschule Aktiv, nous avons une exp\u00e9rience de plusieurs ann\u00e9es dans l&#8217;enseignement des langues. Vous pouvez choisir parmi diff\u00e9rents cours d&#8217;allemand tels que des cours intensifs d&#8217;allemand, des cours particuliers, des cours en ligne, des cours du soir, des cours de pr\u00e9paration au test telc et TestDaF. Apprenez l&#8217;allemand \u00e0 Hanovre avec une s\u00e9ance d&#8217;essai gratuite, une \u00e9valuation et un certificat de langue ![\/vc_column_text][\/vc_column_inner][\/vc_row_inner][\/vc_column][\/vc_row][vc_row full_width=&#8221;stretch_row&#8221; css=&#8221;.vc_custom_1677769339655{padding-top: 30px !important;padding-bottom: 25px !important;background-color: #f8f8f8 !important;}&#8221;][vc_column][vc_column_text]<\/p>\n<h2>Cours d&#8217;allemand \u00e0 Hanovre pour d\u00e9butants et avanc\u00e9s &#8211; A1, A2, B1, B2, C1, C2<\/h2>\n<p>[\/vc_column_text][vc_row_inner][vc_column_inner width=&#8221;1\/2&#8243;][vc_column_text]<img decoding=\"async\" class=\"alignnone wp-image-771 size-large\" src=\"https:\/\/www.sprachschule-aktiv-hannover.de\/wp-content\/uploads\/2021\/12\/sprachschule-hannover-1024x576.jpg\" alt=\"Sprachschule Aktiv Hannover - Deutsch und Fremdsprachen lernen\" width=\"1024\" height=\"576\" srcset=\"https:\/\/www.sprachschule-aktiv-hannover.de\/wp-content\/uploads\/2021\/12\/sprachschule-hannover-1024x576.jpg 1024w, https:\/\/www.sprachschule-aktiv-hannover.de\/wp-content\/uploads\/2021\/12\/sprachschule-hannover-300x169.jpg 300w, https:\/\/www.sprachschule-aktiv-hannover.de\/wp-content\/uploads\/2021\/12\/sprachschule-hannover-768x432.jpg 768w, https:\/\/www.sprachschule-aktiv-hannover.de\/wp-content\/uploads\/2021\/12\/sprachschule-hannover.jpg 1328w\" sizes=\"(max-width: 1024px) 100vw, 1024px\" \/>[\/vc_column_text][\/vc_column_inner][vc_column_inner width=&#8221;1\/2&#8243;][vc_column_text]Si vous \u00eates encore nouveau en Allemagne et que vous parlez \u00e0 peine ou seulement quelques mots de la langue, suivez l&#8217;un de nos cours pour d\u00e9butants. Des enseignants amicaux vous initieront aux subtilit\u00e9s de la langue allemande et vous montreront que l&#8217;allemand n&#8217;est pas une langue difficile. Si vous avez d\u00e9j\u00e0 des connaissances de base, commencez par un cours pour les niveaux avanc\u00e9s. Nous nous r\u00e9f\u00e9rons au Cadre europ\u00e9en commun de r\u00e9f\u00e9rence pour les langues lors de la r\u00e9partition de nos cours. Si vous avez d\u00e9j\u00e0 suivi un cours d&#8217;allemand bas\u00e9 sur ces directives, changer de cours ne pose aucun probl\u00e8me. Sinon, faites notre test d&#8217;\u00e9valuation d&#8217;allemand gratuit. Vous pouvez le passer facilement sur Internet. Nous serons \u00e9galement ravis de vous accueillir \u00e0 Hanovre, o\u00f9 vous pouvez \u00e9galement passer le test.[\/vc_column_text][\/vc_column_inner][\/vc_row_inner][vc_column_text]<\/p>\n<h2>Choisissez entre des cours d&#8217;allemand du soir, des cours intensifs ou des cours particuliers<\/h2>\n<p>[\/vc_column_text][vc_row_inner css=&#8221;.vc_custom_1677770120888{margin-top: 30px !important;padding-bottom: 40px !important;background-color: #ffffff !important;}&#8221;][vc_column_inner css=&#8221;.vc_custom_1677828480100{border-right-width: 5px !important;background-color: #ffffff !important;border-right-color: #f8f8f8 !important;border-right-style: solid !important;}&#8221;][vc_column_text css=&#8221;.vc_custom_1706460207189{padding-top: 25px !important;padding-right: 15px !important;padding-left: 15px !important;}&#8221;]<\/p>\n<h3>Nos cours intensifs d&#8217;allemand \u00e0 Hanovre &#8211; Prix et dates<\/h3>\n<p>Vous souhaitez apprendre l&#8217;allemand de mani\u00e8re intensive ? Suivez nos cours intensifs. Ils ont lieu tous les jours entre 9 et 12 heures. Vous trouverez les dates de d\u00e9but dans le tableau ci-dessous.<\/p>\n<p><strong>Horaires des cours :<\/strong> du lundi au vendredi, de 9h00 \u00e0 12h00<br \/>\n<strong>D\u00e9but des cours :<\/strong> le premier lundi du mois<br \/>\n<strong>Dur\u00e9e du cours :<\/strong> 1 \u00e0 4 semaines<\/p>\n\n<table id=\"tablepress-73\" class=\"tablepress tablepress-id-73\">\n<thead>\n<tr class=\"row-1\">\n\t<th colspan=\"3\" class=\"column-1\">Cours d\u2019allemand intensif: 2025<\/th>\n<\/tr>\n<\/thead>\n<tbody class=\"row-striping row-hover\">\n<tr class=\"row-2\">\n\t<td class=\"column-1\">JANVIER<\/td><td class=\"column-2\">F\u00c9VRIER<\/td><td class=\"column-3\">MARS<\/td>\n<\/tr>\n<tr class=\"row-3\">\n\t<td class=\"column-1\">7. Lu 9:00-12:00<\/td><td class=\"column-2\">3. Lu 9:00-12:00<\/td><td class=\"column-3\">3. Lu 9:00-12:00<\/td>\n<\/tr>\n<tr class=\"row-4\">\n\t<td class=\"column-1\">AVRIL<\/td><td class=\"column-2\">MAI<\/td><td class=\"column-3\">JUIN<\/td>\n<\/tr>\n<tr class=\"row-5\">\n\t<td class=\"column-1\">7. Lu 9:00-12:00<\/td><td class=\"column-2\">5. Lu 9:00-12:00<\/td><td class=\"column-3\">2. Lu 9:00-12:00<\/td>\n<\/tr>\n<tr class=\"row-6\">\n\t<td class=\"column-1\">JUILLET<\/td><td class=\"column-2\">AO\u00dbT<\/td><td class=\"column-3\">SEPTEMBRE<\/td>\n<\/tr>\n<tr class=\"row-7\">\n\t<td class=\"column-1\">7. Lu 9:00-12:00<\/td><td class=\"column-2\">4. Lu 9:00-12:00<\/td><td class=\"column-3\">1. Lu 9:00-12:00<\/td>\n<\/tr>\n<tr class=\"row-8\">\n\t<td class=\"column-1\">OCTOBRE<\/td><td class=\"column-2\">NOVEMBRE<\/td><td class=\"column-3\">D\u00c9CEMBRE<\/td>\n<\/tr>\n<tr class=\"row-9\">\n\t<td class=\"column-1\">6. Lu 9:00-12:00<\/td><td class=\"column-2\">3. Lu 9:00-12:00<\/td><td class=\"column-3\">1. Lu 9:00-12:00<\/td>\n<\/tr>\n<\/tbody>\n<\/table>\n<!-- #tablepress-73 from cache -->\n<p><strong>Prix :<\/strong><br \/>\n1 semaine co\u00fbte 199 \u20ac<br \/>\n2 semaines co\u00fbtent 349 \u20ac<br \/>\n3 semaines co\u00fbtent 411 \u20ac<br \/>\n4 semaines co\u00fbtent 499 \u20ac[\/vc_column_text]\t<div class=\"vc_btn3-container vc_btn3-left\">\n\t\t<a href=\"https:\/\/www.sprachschule-aktiv-hannover.de\/fr\/enregistrer\/\" class=\"pgs_btn pgs_btn_style_1 pgs_btn_xl  vc_custom_1688236079203\">\n\t\t\t<span>\n\t\t\t\tS&#039;inscrire maintenant\t\t\t<\/span>\n\t\t\t\t\t<\/a>\n\t<\/div>\n\t[\/vc_column_inner][\/vc_row_inner][vc_row_inner css=&#8221;.vc_custom_1688235700566{margin-top: 30px !important;padding-bottom: 40px !important;background-color: #ffffff !important;}&#8221;][vc_column_inner css=&#8221;.vc_custom_1677828480100{border-right-width: 5px !important;background-color: #ffffff !important;border-right-color: #f8f8f8 !important;border-right-style: solid !important;}&#8221;][vc_column_text css=&#8221;.vc_custom_1706716774270{padding-top: 25px !important;padding-right: 15px !important;padding-left: 15px !important;}&#8221;]<\/p>\n<h3>Cours d&#8217;allemand du soir \u00e0 Hanovre &#8211; Co\u00fbts, dates, inscription &#8211; 6 semaines<\/h3>\n<p>Vous avez de temps et souhaitez terminer le cours plus rapidement? Ou vous souhaitez progresser plus rapidement malgr\u00e9 le travail? Optez pour un cours du soir de 6 semaines. Le cours a lieu 2 fois par semaine. Apr\u00e8s un test d&#8217;\u00e9valuation, nous vous proposerons le meilleur niveau (A1, A2, B1, B2, C1, C2). Gr\u00e2ce aux petits groupes et aux rendez-vous fr\u00e9quents, vous pourrez pratiquer souvent et intensivement de nouvelles comp\u00e9tences, mots et structures. Vous avez le choix entre les dates suivantes: Lundi et mercredi ou mardi et jeudi.<\/p>\n<ul>\n<li><strong>Dates de d\u00e9but et niveau:<\/strong> voir tableau<\/li>\n<li><strong>Dur\u00e9e du cours*:<\/strong> 6 semaines\/180 min. par semaine<\/li>\n<li><strong>Prix:<\/strong> 279<\/li>\n<\/ul>\n<p><strong>\u00a0*Dur\u00e9e:<\/strong><\/p>\n<ul>\n<li style=\"list-style-type: none;\">\n<ul>\n<li>Avec 4 participants ou plus = 24 heures \u00e0 45 minutes (6 semaines)<\/li>\n<li>Avec 3 participants = 20 heures \u00e0 45 minutes (5 semaines)<\/li>\n<li>Avec 2 participants = 16 heures \u00e0 45 minutes (4 semaines)<\/li>\n<\/ul>\n<\/li>\n<\/ul>\n<p>[\/vc_column_text]\t<div class=\"vc_btn3-container vc_btn3-left\">\n\t\t<a href=\"https:\/\/www.sprachschule-aktiv-hannover.de\/fr\/enregistrer\/\" class=\"pgs_btn pgs_btn_style_1 pgs_btn_xl  vc_custom_1688236079203\">\n\t\t\t<span>\n\t\t\t\tS&#039;inscrire maintenant\t\t\t<\/span>\n\t\t\t\t\t<\/a>\n\t<\/div>\n\t[\/vc_column_inner][\/vc_row_inner][vc_row_inner css=&#8221;.vc_custom_1688235700566{margin-top: 30px !important;padding-bottom: 40px !important;background-color: #ffffff !important;}&#8221;][vc_column_inner css=&#8221;.vc_custom_1677828480100{border-right-width: 5px !important;background-color: #ffffff !important;border-right-color: #f8f8f8 !important;border-right-style: solid !important;}&#8221;][vc_column_text css=&#8221;.vc_custom_1706460164964{padding-top: 25px !important;padding-right: 15px !important;padding-left: 15px !important;}&#8221;]<\/p>\n<h3>Cours particuliers d&#8217;allemand \u00e0 Hanovre &#8211; Sur place ou dans notre \u00e9cole de langues<\/h3>\n<p>Notre cours priv\u00e9 d&#8217;allemand \u00e0 Hanovre se caract\u00e9rise par une grande flexibilit\u00e9. Les cours ont lieu au choix \u00e0 votre domicile, dans nos locaux ou dans votre entreprise. Dans un cours priv\u00e9, jusqu&#8217;\u00e0 3 personnes peuvent participer en m\u00eame temps et vous ne payez qu&#8217;une seule fois. Plus vous r\u00e9servez d&#8217;heures de cours, moins le prix total sera \u00e9lev\u00e9. Les dates sont fix\u00e9es de mani\u00e8re flexible avec votre professeur.<\/p>\n<p>\u2022 \u00c0 partir de 10 heures : 48 \u20ac par heure<br \/>\n\u2022 \u00c0 partir de 20 heures : 45 \u20ac par heure<br \/>\n\u2022 \u00c0 partir de 50 heures : 40 \u20ac par heure<br \/>\n\u2022 \u00c0 partir de 80 heures : 38 \u20ac par heure[\/vc_column_text]\t<div class=\"vc_btn3-container vc_btn3-left\">\n\t\t<a href=\"https:\/\/www.sprachschule-aktiv-hannover.de\/fr\/enregistrer\/\" class=\"pgs_btn pgs_btn_style_1 pgs_btn_xl  vc_custom_1688236079203\">\n\t\t\t<span>\n\t\t\t\tS&#039;inscrire maintenant\t\t\t<\/span>\n\t\t\t\t\t<\/a>\n\t<\/div>\n\t[\/vc_column_inner][\/vc_row_inner][\/vc_column][\/vc_row][vc_row][vc_column][vc_column_text]<\/p>\n<h2>Cours d&#8217;allemand \u00e0 Hanovre avec certificat et \u00e9valuation gratuite !<\/h2>\n<p>Avant de choisir un cours de langue, nos collaborateurs vous conseilleront de mani\u00e8re approfondie. Si n\u00e9cessaire, nous effectuerons une \u00e9valuation gratuite \u00e0 l&#8217;aide de notre test. Malgr\u00e9 nos bons conseils, il se peut que vous ne soyez pas satisfait du cours. Dans ce cas, veuillez en parler \u00e0 nos collaborateurs afin de trouver une solution ensemble. Si cela n&#8217;est pas possible, vous pouvez vous d\u00e9sinscrire du cours apr\u00e8s la premi\u00e8re le\u00e7on. Nous vous rembourserons bien entendu les frais de cours d\u00e9j\u00e0 pay\u00e9s. En cas de probl\u00e8me pendant le cours, veuillez contacter le professeur ou nos collaborateurs. Apprendre l&#8217;allemand \u00e0 Hanovre en petits groupes jusqu&#8217;\u00e0 10 participants Dans notre \u00e9cole de langues \u00e0 Hanovre, nous proposons des cours d&#8217;allemand en petits groupes limit\u00e9s \u00e0 un maximum de 10 participants. Nos cours sont anim\u00e9s par des enseignantes et des enseignants exp\u00e9riment\u00e9s qui s&#8217;adaptent aux besoins et aux connaissances de chaque participant. Nos cours en petits groupes nous permettent de personnaliser et d&#8217;interagir lors de nos cours. Vous aurez ainsi amplement l&#8217;occasion d&#8217;appliquer ce que vous avez appris dans la pratique et d&#8217;am\u00e9liorer rapidement vos comp\u00e9tences linguistiques. Inscrivez-vous d\u00e8s aujourd&#8217;hui et am\u00e9liorons ensemble vos comp\u00e9tences en allemand ![\/vc_column_text][vc_row_inner][vc_column_inner width=&#8221;1\/2&#8243;][vc_column_text]<iframe title=\"YouTube video player\" src=\"https:\/\/www.youtube.com\/embed\/JOvJI8b4z_E\" width=\"560\" height=\"315\" frameborder=\"0\" allowfullscreen=\"allowfullscreen\"><\/iframe>[\/vc_column_text][\/vc_column_inner][vc_column_inner width=&#8221;1\/2&#8243;][vc_column_text]<iframe title=\"YouTube video player\" src=\"https:\/\/www.youtube.com\/embed\/54-5aCU96MM\" width=\"560\" height=\"315\" frameborder=\"0\" allowfullscreen=\"allowfullscreen\"><\/iframe>[\/vc_column_text][\/vc_column_inner][\/vc_row_inner][vc_column_text]<\/p>\n<h2>Cours d&#8217;allemand abordables \u00e0 Hanovre Vous souhaitez<\/h2>\n<p>Apprendre l&#8217;allemand, mais vous avez un budget limit\u00e9 ? Pas de probl\u00e8me ! Notre \u00e9cole de langues \u00e0 Hanovre vous propose des cours d&#8217;allemand abordables sans compromis sur la qualit\u00e9 et le succ\u00e8s. Nous pensons que l&#8217;enseignement des langues doit \u00eatre accessible \u00e0 tous, quel que soit votre contexte financier. C&#8217;est pourquoi nous avons fix\u00e9 nos prix de mani\u00e8re \u00e9quitable et abordable, sans compromettre la qualit\u00e9. Chez nous, vous apprendrez l&#8217;allemand dans une atmosph\u00e8re conviviale et motivante et vous pourrez am\u00e9liorer rapidement vos comp\u00e9tences linguistiques. Inscrivez-vous d\u00e8s aujourd&#8217;hui et am\u00e9liorons ensemble vos comp\u00e9tences en allemand !<\/p>\n<h2>Notre \u00e9cole de langues vous offre de nombreux avantages<\/h2>\n<p>Dans notre \u00e9cole de langues \u00e0 Hanovre, nous proposons non seulement des cours de langue de haute qualit\u00e9, mais aussi de nombreux autres avantages. Nos enseignantes et enseignants exp\u00e9riment\u00e9s veillent \u00e0 ce que les cours soient adapt\u00e9s \u00e0 vos besoins et \u00e0 vos connaissances individuelles. Nous proposons \u00e0 la fois des cours en groupe et des cours particuliers, afin que vous puissiez choisir la m\u00e9thode d&#8217;apprentissage qui vous convient. Nos salles de classe modernes sont \u00e9quip\u00e9es des derni\u00e8res technologies pour vous offrir un environnement d&#8217;apprentissage efficace et agr\u00e9able. De plus, vous avez la possibilit\u00e9 de vous inscrire \u00e0 des cours sp\u00e9ciaux tels que l&#8217;allemand des affaires ou des cours de pr\u00e9paration aux examens. Inscrivez-vous d\u00e8s aujourd&#8217;hui et am\u00e9liorons ensemble vos comp\u00e9tences linguistiques ![\/vc_column_text][\/vc_column][\/vc_row]<\/p>\n","protected":false},"excerpt":{"rendered":"<p>[vc_row full_width=&#8221;stretch_row_content_no_spaces&#8221; content_placement=&#8221;middle&#8221; css=&#8221;.vc_custom_1609838805447{background: #d6d5d3 url(https:\/\/www.sprachschule-aktiv-muenchen.de\/wp-content\/uploads\/2021\/01\/fondo-2.jpg?id=61569) !important;background-position: 0 0 !important;background-repeat: repeat !important;}&#8221;][vc_column width=&#8221;1\/2&#8243;][vc_single_image image=&#8221;721&#8243; img_size=&#8221;full&#8221;][\/vc_column][vc_column width=&#8221;1\/2&#8243; css=&#8221;.vc_custom_1609834442227{background-position: center !important;background-repeat: no-repeat !important;background-size: contain !important;}&#8221;][vc_column_text] Bienvenue [\/vc_column_text][vc_column_text] \u00e0 l&#8217;\u00e9cole de langue Aktiv [\/vc_column_text][vc_row_inner css=&#8221;.vc_custom_1609833991579{margin-top: 10px !important;}&#8221;][vc_column_inner][\/vc_column_inner][\/vc_row_inner][\/vc_column][\/vc_row][vc_row css=&#8221;.vc_custom_1643183134911{margin-top: 25px !important;}&#8221;][vc_column][vc_column_text] Apprendre l&#8217;allemand \u00e0 Hanovre &#8211; Cours d&#8217;allemand de A1 \u00e0 C2 [\/vc_column_text][vc_row_inner][vc_column_inner width=&#8221;1\/2&#8243;][vc_column_text][\/vc_column_text][\/vc_column_inner][vc_column_inner width=&#8221;1\/2&#8243;][vc_column_text]Si vous souhaitez apprendre l&#8217;allemand&hellip; <a class=\"read-more\" href=\"https:\/\/www.sprachschule-aktiv-hannover.de\/fr\/\" title=\"Read Home\">Read more &raquo;<\/a><\/p>\n","protected":false},"author":1,"featured_media":0,"parent":0,"menu_order":0,"comment_status":"closed","ping_status":"closed","template":"","meta":{"footnotes":""},"class_list":["post-2093","page","type-page","status-publish","hentry"],"yoast_head":"<!-- This site is optimized with the Yoast SEO plugin v27.1.1 - https:\/\/yoast.com\/product\/yoast-seo-wordpress\/ -->\n<title>Cours d&#039;allemand \u00e0 Hanovre - sur place ou en ligne<\/title>\n<meta name=\"description\" content=\"Cours d&#039;allemand \u00e0 Hanovre du A1 au C2. Apprenez l&#039;allemand \u00e0 l&#039;\u00e9cole de langue ou en ligne avec un cours d&#039;essai gratuit !\" \/>\n<meta name=\"robots\" content=\"index, follow, max-snippet:-1, max-image-preview:large, max-video-preview:-1\" \/>\n<link rel=\"canonical\" href=\"https:\/\/www.sprachschule-aktiv-hannover.de\/fr\/\" \/>\n<meta property=\"og:locale\" content=\"fr_FR\" \/>\n<meta property=\"og:type\" content=\"article\" \/>\n<meta property=\"og:title\" content=\"Cours d&#039;allemand \u00e0 Hanovre - sur place ou en ligne\" \/>\n<meta property=\"og:description\" content=\"Cours d&#039;allemand \u00e0 Hanovre du A1 au C2. Apprenez l&#039;allemand \u00e0 l&#039;\u00e9cole de langue ou en ligne avec un cours d&#039;essai gratuit !\" \/>\n<meta property=\"og:url\" content=\"https:\/\/www.sprachschule-aktiv-hannover.de\/fr\/\" \/>\n<meta property=\"og:site_name\" content=\"Sprachschule Aktiv Hannover\" \/>\n<meta property=\"article:modified_time\" content=\"2024-01-31T15:59:56+00:00\" \/>\n<meta property=\"og:image\" content=\"https:\/\/www.sprachschule-aktiv-hannover.de\/wp-content\/uploads\/2021\/12\/sprachschule-hannover-1024x576.jpg\" \/>\n<meta name=\"twitter:card\" content=\"summary_large_image\" \/>\n<meta name=\"twitter:label1\" content=\"Dur\u00e9e de lecture estim\u00e9e\" \/>\n\t<meta name=\"twitter:data1\" content=\"8 minutes\" \/>\n<script type=\"application\/ld+json\" class=\"yoast-schema-graph\">{\"@context\":\"https:\/\/schema.org\",\"@graph\":[{\"@type\":\"WebPage\",\"@id\":\"https:\/\/www.sprachschule-aktiv-hannover.de\/fr\/\",\"url\":\"https:\/\/www.sprachschule-aktiv-hannover.de\/fr\/\",\"name\":\"Cours d'allemand \u00e0 Hanovre - sur place ou en ligne\",\"isPartOf\":{\"@id\":\"https:\/\/www.sprachschule-aktiv-hannover.de\/#website\"},\"primaryImageOfPage\":{\"@id\":\"https:\/\/www.sprachschule-aktiv-hannover.de\/fr\/#primaryimage\"},\"image\":{\"@id\":\"https:\/\/www.sprachschule-aktiv-hannover.de\/fr\/#primaryimage\"},\"thumbnailUrl\":\"https:\/\/www.sprachschule-aktiv-hannover.de\/wp-content\/uploads\/2021\/12\/sprachschule-hannover-1024x576.jpg\",\"datePublished\":\"2018-01-11T17:49:20+00:00\",\"dateModified\":\"2024-01-31T15:59:56+00:00\",\"description\":\"Cours d'allemand \u00e0 Hanovre du A1 au C2. Apprenez l'allemand \u00e0 l'\u00e9cole de langue ou en ligne avec un cours d'essai gratuit !\",\"breadcrumb\":{\"@id\":\"https:\/\/www.sprachschule-aktiv-hannover.de\/fr\/#breadcrumb\"},\"inLanguage\":\"fr-FR\",\"potentialAction\":[{\"@type\":\"ReadAction\",\"target\":[\"https:\/\/www.sprachschule-aktiv-hannover.de\/fr\/\"]}]},{\"@type\":\"ImageObject\",\"inLanguage\":\"fr-FR\",\"@id\":\"https:\/\/www.sprachschule-aktiv-hannover.de\/fr\/#primaryimage\",\"url\":\"https:\/\/www.sprachschule-aktiv-hannover.de\/wp-content\/uploads\/2021\/12\/sprachschule-hannover-1024x576.jpg\",\"contentUrl\":\"https:\/\/www.sprachschule-aktiv-hannover.de\/wp-content\/uploads\/2021\/12\/sprachschule-hannover-1024x576.jpg\"},{\"@type\":\"BreadcrumbList\",\"@id\":\"https:\/\/www.sprachschule-aktiv-hannover.de\/fr\/#breadcrumb\",\"itemListElement\":[{\"@type\":\"ListItem\",\"position\":1,\"name\":\"Startseite\",\"item\":\"https:\/\/www.sprachschule-aktiv-hannover.de\/fr\/\"},{\"@type\":\"ListItem\",\"position\":2,\"name\":\"Home\"}]},{\"@type\":\"WebSite\",\"@id\":\"https:\/\/www.sprachschule-aktiv-hannover.de\/#website\",\"url\":\"https:\/\/www.sprachschule-aktiv-hannover.de\/\",\"name\":\"Sprachschule Aktiv Hannover\",\"description\":\"\",\"potentialAction\":[{\"@type\":\"SearchAction\",\"target\":{\"@type\":\"EntryPoint\",\"urlTemplate\":\"https:\/\/www.sprachschule-aktiv-hannover.de\/?s={search_term_string}\"},\"query-input\":{\"@type\":\"PropertyValueSpecification\",\"valueRequired\":true,\"valueName\":\"search_term_string\"}}],\"inLanguage\":\"fr-FR\"}]}<\/script>\n<!-- \/ Yoast SEO plugin. -->","yoast_head_json":{"title":"Cours d'allemand \u00e0 Hanovre - sur place ou en ligne","description":"Cours d'allemand \u00e0 Hanovre du A1 au C2. Apprenez l'allemand \u00e0 l'\u00e9cole de langue ou en ligne avec un cours d'essai gratuit !","robots":{"index":"index","follow":"follow","max-snippet":"max-snippet:-1","max-image-preview":"max-image-preview:large","max-video-preview":"max-video-preview:-1"},"canonical":"https:\/\/www.sprachschule-aktiv-hannover.de\/fr\/","og_locale":"fr_FR","og_type":"article","og_title":"Cours d'allemand \u00e0 Hanovre - sur place ou en ligne","og_description":"Cours d'allemand \u00e0 Hanovre du A1 au C2. Apprenez l'allemand \u00e0 l'\u00e9cole de langue ou en ligne avec un cours d'essai gratuit !","og_url":"https:\/\/www.sprachschule-aktiv-hannover.de\/fr\/","og_site_name":"Sprachschule Aktiv Hannover","article_modified_time":"2024-01-31T15:59:56+00:00","og_image":[{"url":"https:\/\/www.sprachschule-aktiv-hannover.de\/wp-content\/uploads\/2021\/12\/sprachschule-hannover-1024x576.jpg","type":"","width":"","height":""}],"twitter_card":"summary_large_image","twitter_misc":{"Dur\u00e9e de lecture estim\u00e9e":"8 minutes"},"schema":{"@context":"https:\/\/schema.org","@graph":[{"@type":"WebPage","@id":"https:\/\/www.sprachschule-aktiv-hannover.de\/fr\/","url":"https:\/\/www.sprachschule-aktiv-hannover.de\/fr\/","name":"Cours d'allemand \u00e0 Hanovre - sur place ou en ligne","isPartOf":{"@id":"https:\/\/www.sprachschule-aktiv-hannover.de\/#website"},"primaryImageOfPage":{"@id":"https:\/\/www.sprachschule-aktiv-hannover.de\/fr\/#primaryimage"},"image":{"@id":"https:\/\/www.sprachschule-aktiv-hannover.de\/fr\/#primaryimage"},"thumbnailUrl":"https:\/\/www.sprachschule-aktiv-hannover.de\/wp-content\/uploads\/2021\/12\/sprachschule-hannover-1024x576.jpg","datePublished":"2018-01-11T17:49:20+00:00","dateModified":"2024-01-31T15:59:56+00:00","description":"Cours d'allemand \u00e0 Hanovre du A1 au C2. Apprenez l'allemand \u00e0 l'\u00e9cole de langue ou en ligne avec un cours d'essai gratuit !","breadcrumb":{"@id":"https:\/\/www.sprachschule-aktiv-hannover.de\/fr\/#breadcrumb"},"inLanguage":"fr-FR","potentialAction":[{"@type":"ReadAction","target":["https:\/\/www.sprachschule-aktiv-hannover.de\/fr\/"]}]},{"@type":"ImageObject","inLanguage":"fr-FR","@id":"https:\/\/www.sprachschule-aktiv-hannover.de\/fr\/#primaryimage","url":"https:\/\/www.sprachschule-aktiv-hannover.de\/wp-content\/uploads\/2021\/12\/sprachschule-hannover-1024x576.jpg","contentUrl":"https:\/\/www.sprachschule-aktiv-hannover.de\/wp-content\/uploads\/2021\/12\/sprachschule-hannover-1024x576.jpg"},{"@type":"BreadcrumbList","@id":"https:\/\/www.sprachschule-aktiv-hannover.de\/fr\/#breadcrumb","itemListElement":[{"@type":"ListItem","position":1,"name":"Startseite","item":"https:\/\/www.sprachschule-aktiv-hannover.de\/fr\/"},{"@type":"ListItem","position":2,"name":"Home"}]},{"@type":"WebSite","@id":"https:\/\/www.sprachschule-aktiv-hannover.de\/#website","url":"https:\/\/www.sprachschule-aktiv-hannover.de\/","name":"Sprachschule Aktiv Hannover","description":"","potentialAction":[{"@type":"SearchAction","target":{"@type":"EntryPoint","urlTemplate":"https:\/\/www.sprachschule-aktiv-hannover.de\/?s={search_term_string}"},"query-input":{"@type":"PropertyValueSpecification","valueRequired":true,"valueName":"search_term_string"}}],"inLanguage":"fr-FR"}]}},"_links":{"self":[{"href":"https:\/\/www.sprachschule-aktiv-hannover.de\/fr\/wp-json\/wp\/v2\/pages\/2093","targetHints":{"allow":["GET"]}}],"collection":[{"href":"https:\/\/www.sprachschule-aktiv-hannover.de\/fr\/wp-json\/wp\/v2\/pages"}],"about":[{"href":"https:\/\/www.sprachschule-aktiv-hannover.de\/fr\/wp-json\/wp\/v2\/types\/page"}],"author":[{"embeddable":true,"href":"https:\/\/www.sprachschule-aktiv-hannover.de\/fr\/wp-json\/wp\/v2\/users\/1"}],"replies":[{"embeddable":true,"href":"https:\/\/www.sprachschule-aktiv-hannover.de\/fr\/wp-json\/wp\/v2\/comments?post=2093"}],"version-history":[{"count":10,"href":"https:\/\/www.sprachschule-aktiv-hannover.de\/fr\/wp-json\/wp\/v2\/pages\/2093\/revisions"}],"predecessor-version":[{"id":3015,"href":"https:\/\/www.sprachschule-aktiv-hannover.de\/fr\/wp-json\/wp\/v2\/pages\/2093\/revisions\/3015"}],"wp:attachment":[{"href":"https:\/\/www.sprachschule-aktiv-hannover.de\/fr\/wp-json\/wp\/v2\/media?parent=2093"}],"curies":[{"name":"wp","href":"https:\/\/api.w.org\/{rel}","templated":true}]}}